{"id":50,"date":"2021-02-17T08:47:08","date_gmt":"2021-02-17T07:47:08","guid":{"rendered":"http:\/\/cranio-room.com\/?page_id=50"},"modified":"2022-10-06T12:56:14","modified_gmt":"2022-10-06T10:56:14","slug":"kontakt","status":"publish","type":"page","link":"https:\/\/www.cranio-room.com\/en\/kontakt\/","title":{"rendered":"Contact"},"content":{"rendered":"\n<h2 class=\"has-text-align-center wp-block-heading\">Contact<\/h2>\n\n\n\n<div class=\"wp-block-image contactbild\"><figure class=\"aligncenter size-large\"><a href=\"https:\/\/www.cranio-room.com\/wp-content\/uploads\/2022\/09\/craniosacral_behandlungsraum02NEU02.jpg\"><img loading=\"lazy\" decoding=\"async\" width=\"479\" height=\"455\" src=\"https:\/\/www.cranio-room.com\/wp-content\/uploads\/2022\/09\/craniosacral_behandlungsraum02NEU02.jpg\" alt=\"\" class=\"wp-image-320\" srcset=\"https:\/\/www.cranio-room.com\/wp-content\/uploads\/2022\/09\/craniosacral_behandlungsraum02NEU02.jpg 479w, https:\/\/www.cranio-room.com\/wp-content\/uploads\/2022\/09\/craniosacral_behandlungsraum02NEU02-300x285.jpg 300w\" sizes=\"auto, (max-width: 479px) 100vw, 479px\" \/><\/a><\/figure><\/div>\n\n\n\n<p class=\"has-text-align-center adressblock\"><br><\/p>\n\n\n\n<p class=\"has-text-align-center\">Werderstra\u00dfe 15<br>14163 Berlin (Zehlendorf)<br>+49 171 72424 53<br><a href=\"mailto:barbara@cranio-room.com\">barbara@cranio-room.com<\/a><br>www.cranio-room.com<\/p>\n\n\n\n<div class=\"wp-block-image\"><figure class=\"aligncenter size-large\"><a href=\"https:\/\/www.cranio-room.com\/wp-content\/uploads\/2021\/02\/barbaravonfreytag-1.png\"><img loading=\"lazy\" decoding=\"async\" width=\"200\" height=\"200\" src=\"https:\/\/www.cranio-room.com\/wp-content\/uploads\/2021\/02\/barbaravonfreytag-1.png\" alt=\"Craniosacral - Barbara von Freytag\" class=\"wp-image-16\" srcset=\"https:\/\/www.cranio-room.com\/wp-content\/uploads\/2021\/02\/barbaravonfreytag-1.png 200w, https:\/\/www.cranio-room.com\/wp-content\/uploads\/2021\/02\/barbaravonfreytag-1-150x150.png 150w\" sizes=\"auto, (max-width: 200px) 100vw, 200px\" \/><\/a><\/figure><\/div>\n\n\n\n<p><\/p>\n","protected":false},"excerpt":{"rendered":"<p>Contact Werderstra\u00dfe 1514163 Berlin (Zehlendorf)+49 171 72424 53barbara@cranio-room.comwww.cranio-room.com<\/p>\n","protected":false},"author":1,"featured_media":19,"parent":0,"menu_order":0,"comment_status":"closed","ping_status":"closed","template":"","meta":{"footnotes":""},"class_list":["post-50","page","type-page","status-publish","has-post-thumbnail","hentry"],"yoast_head":"<!-- This site is optimized with the Yoast SEO plugin v27.4 - https:\/\/yoast.com\/product\/yoast-seo-wordpress\/ -->\n<title>Kontakt - Barbara von Freytag | Craniosacrale K\u00f6rperarbeit in Berlin<\/title>\n<meta name=\"description\" content=\"Contact - - Craniosacral Therapy \/ soothing, non-invasive hands-on therapy to create a free body, open heart and clear mind\" \/>\n<meta name=\"robots\" content=\"index, follow, max-snippet:-1, max-image-preview:large, max-video-preview:-1\" \/>\n<link rel=\"canonical\" href=\"https:\/\/www.cranio-room.com\/en\/kontakt\/\" \/>\n<meta property=\"og:locale\" content=\"en_GB\" \/>\n<meta property=\"og:locale:alternate\" content=\"de_DE\" \/>\n<meta property=\"og:type\" content=\"article\" \/>\n<meta property=\"og:title\" content=\"Kontakt - Barbara von Freytag | Craniosacrale K\u00f6rperarbeit in Berlin\" \/>\n<meta property=\"og:description\" content=\"Kontakt - Craniosacrale K\u00f6rperarbeit | sanfte manuelle Ber\u00fchrung zur L\u00f6sung tieferer K\u00f6rperspannungen &amp; eingeschr\u00e4nkter Energiefelder\" \/>\n<meta property=\"og:url\" content=\"https:\/\/www.cranio-room.com\/en\/kontakt\/\" \/>\n<meta property=\"og:site_name\" content=\"Cranio Room\" \/>\n<meta property=\"article:modified_time\" content=\"2022-10-06T10:56:14+00:00\" \/>\n<meta property=\"og:image\" content=\"https:\/\/www.cranio-room.com\/wp-content\/uploads\/2021\/02\/craniosacral_contact.png\" \/>\n\t<meta property=\"og:image:width\" content=\"935\" \/>\n\t<meta property=\"og:image:height\" content=\"460\" \/>\n\t<meta property=\"og:image:type\" content=\"image\/png\" \/>\n<meta name=\"twitter:card\" content=\"summary_large_image\" \/>\n<meta name=\"twitter:label1\" content=\"Estimated reading time\" \/>\n\t<meta name=\"twitter:data1\" content=\"1 minute\" \/>\n<script type=\"application\/ld+json\" class=\"yoast-schema-graph\">{\"@context\":\"https:\\\/\\\/schema.org\",\"@graph\":[{\"@type\":\"WebPage\",\"@id\":\"https:\\\/\\\/www.cranio-room.com\\\/de\\\/kontakt\\\/\",\"url\":\"https:\\\/\\\/www.cranio-room.com\\\/de\\\/kontakt\\\/\",\"name\":\"Kontakt - Barbara von Freytag | Craniosacrale K\u00f6rperarbeit in Berlin\",\"isPartOf\":{\"@id\":\"https:\\\/\\\/www.cranio-room.com\\\/#website\"},\"primaryImageOfPage\":{\"@id\":\"https:\\\/\\\/www.cranio-room.com\\\/de\\\/kontakt\\\/#primaryimage\"},\"image\":{\"@id\":\"https:\\\/\\\/www.cranio-room.com\\\/de\\\/kontakt\\\/#primaryimage\"},\"thumbnailUrl\":\"https:\\\/\\\/www.cranio-room.com\\\/wp-content\\\/uploads\\\/2021\\\/02\\\/craniosacral_contact.png\",\"datePublished\":\"2021-02-17T07:47:08+00:00\",\"dateModified\":\"2022-10-06T10:56:14+00:00\",\"description\":\"Kontakt - Craniosacrale K\u00f6rperarbeit | sanfte manuelle Ber\u00fchrung zur L\u00f6sung tieferer K\u00f6rperspannungen & eingeschr\u00e4nkter Energiefelder\",\"breadcrumb\":{\"@id\":\"https:\\\/\\\/www.cranio-room.com\\\/de\\\/kontakt\\\/#breadcrumb\"},\"inLanguage\":\"en-GB\",\"potentialAction\":[{\"@type\":\"ReadAction\",\"target\":[\"https:\\\/\\\/www.cranio-room.com\\\/de\\\/kontakt\\\/\"]}]},{\"@type\":\"ImageObject\",\"inLanguage\":\"en-GB\",\"@id\":\"https:\\\/\\\/www.cranio-room.com\\\/de\\\/kontakt\\\/#primaryimage\",\"url\":\"https:\\\/\\\/www.cranio-room.com\\\/wp-content\\\/uploads\\\/2021\\\/02\\\/craniosacral_contact.png\",\"contentUrl\":\"https:\\\/\\\/www.cranio-room.com\\\/wp-content\\\/uploads\\\/2021\\\/02\\\/craniosacral_contact.png\",\"width\":935,\"height\":460,\"caption\":\"Schneckenmuschel\"},{\"@type\":\"BreadcrumbList\",\"@id\":\"https:\\\/\\\/www.cranio-room.com\\\/de\\\/kontakt\\\/#breadcrumb\",\"itemListElement\":[{\"@type\":\"ListItem\",\"position\":1,\"name\":\"Startseite\",\"item\":\"https:\\\/\\\/www.cranio-room.com\\\/de\\\/\"},{\"@type\":\"ListItem\",\"position\":2,\"name\":\"Kontakt\"}]},{\"@type\":\"WebSite\",\"@id\":\"https:\\\/\\\/www.cranio-room.com\\\/#website\",\"url\":\"https:\\\/\\\/www.cranio-room.com\\\/\",\"name\":\"Cranio Room\",\"description\":\"Barbara von Freytag | Cranio Room\",\"publisher\":{\"@id\":\"https:\\\/\\\/www.cranio-room.com\\\/#\\\/schema\\\/person\\\/9885151246b8c7a4f807e339b6c72f99\"},\"potentialAction\":[{\"@type\":\"SearchAction\",\"target\":{\"@type\":\"EntryPoint\",\"urlTemplate\":\"https:\\\/\\\/www.cranio-room.com\\\/?s={search_term_string}\"},\"query-input\":{\"@type\":\"PropertyValueSpecification\",\"valueRequired\":true,\"valueName\":\"search_term_string\"}}],\"inLanguage\":\"en-GB\"},{\"@type\":[\"Person\",\"Organization\"],\"@id\":\"https:\\\/\\\/www.cranio-room.com\\\/#\\\/schema\\\/person\\\/9885151246b8c7a4f807e339b6c72f99\",\"name\":\"stephanie\",\"image\":{\"@type\":\"ImageObject\",\"inLanguage\":\"en-GB\",\"@id\":\"https:\\\/\\\/www.cranio-room.com\\\/wp-content\\\/uploads\\\/2021\\\/02\\\/craniosacral_logo.png\",\"url\":\"https:\\\/\\\/www.cranio-room.com\\\/wp-content\\\/uploads\\\/2021\\\/02\\\/craniosacral_logo.png\",\"contentUrl\":\"https:\\\/\\\/www.cranio-room.com\\\/wp-content\\\/uploads\\\/2021\\\/02\\\/craniosacral_logo.png\",\"width\":174,\"height\":175,\"caption\":\"stephanie\"},\"logo\":{\"@id\":\"https:\\\/\\\/www.cranio-room.com\\\/wp-content\\\/uploads\\\/2021\\\/02\\\/craniosacral_logo.png\"}}]}<\/script>\n<!-- \/ Yoast SEO plugin. -->","yoast_head_json":{"title":"Kontakt - Barbara von Freytag | Craniosacrale K\u00f6rperarbeit in Berlin","description":"Contact - - Craniosacral Therapy \/ soothing, non-invasive hands-on therapy to create a free body, open heart and clear mind","robots":{"index":"index","follow":"follow","max-snippet":"max-snippet:-1","max-image-preview":"max-image-preview:large","max-video-preview":"max-video-preview:-1"},"canonical":"https:\/\/www.cranio-room.com\/en\/kontakt\/","og_locale":"en_GB","og_type":"article","og_title":"Kontakt - Barbara von Freytag | Craniosacrale K\u00f6rperarbeit in Berlin","og_description":"Kontakt - Craniosacrale K\u00f6rperarbeit | sanfte manuelle Ber\u00fchrung zur L\u00f6sung tieferer K\u00f6rperspannungen & eingeschr\u00e4nkter Energiefelder","og_url":"https:\/\/www.cranio-room.com\/en\/kontakt\/","og_site_name":"Cranio Room","article_modified_time":"2022-10-06T10:56:14+00:00","og_image":[{"width":935,"height":460,"url":"https:\/\/www.cranio-room.com\/wp-content\/uploads\/2021\/02\/craniosacral_contact.png","type":"image\/png"}],"twitter_card":"summary_large_image","twitter_misc":{"Estimated reading time":"1 minute"},"schema":{"@context":"https:\/\/schema.org","@graph":[{"@type":"WebPage","@id":"https:\/\/www.cranio-room.com\/de\/kontakt\/","url":"https:\/\/www.cranio-room.com\/de\/kontakt\/","name":"Kontakt - Barbara von Freytag | Craniosacrale K\u00f6rperarbeit in Berlin","isPartOf":{"@id":"https:\/\/www.cranio-room.com\/#website"},"primaryImageOfPage":{"@id":"https:\/\/www.cranio-room.com\/de\/kontakt\/#primaryimage"},"image":{"@id":"https:\/\/www.cranio-room.com\/de\/kontakt\/#primaryimage"},"thumbnailUrl":"https:\/\/www.cranio-room.com\/wp-content\/uploads\/2021\/02\/craniosacral_contact.png","datePublished":"2021-02-17T07:47:08+00:00","dateModified":"2022-10-06T10:56:14+00:00","description":"Kontakt - Craniosacrale K\u00f6rperarbeit | sanfte manuelle Ber\u00fchrung zur L\u00f6sung tieferer K\u00f6rperspannungen & eingeschr\u00e4nkter Energiefelder","breadcrumb":{"@id":"https:\/\/www.cranio-room.com\/de\/kontakt\/#breadcrumb"},"inLanguage":"en-GB","potentialAction":[{"@type":"ReadAction","target":["https:\/\/www.cranio-room.com\/de\/kontakt\/"]}]},{"@type":"ImageObject","inLanguage":"en-GB","@id":"https:\/\/www.cranio-room.com\/de\/kontakt\/#primaryimage","url":"https:\/\/www.cranio-room.com\/wp-content\/uploads\/2021\/02\/craniosacral_contact.png","contentUrl":"https:\/\/www.cranio-room.com\/wp-content\/uploads\/2021\/02\/craniosacral_contact.png","width":935,"height":460,"caption":"Schneckenmuschel"},{"@type":"BreadcrumbList","@id":"https:\/\/www.cranio-room.com\/de\/kontakt\/#breadcrumb","itemListElement":[{"@type":"ListItem","position":1,"name":"Startseite","item":"https:\/\/www.cranio-room.com\/de\/"},{"@type":"ListItem","position":2,"name":"Kontakt"}]},{"@type":"WebSite","@id":"https:\/\/www.cranio-room.com\/#website","url":"https:\/\/www.cranio-room.com\/","name":"Cranio Room","description":"Barbara von Freytag | Cranio Room","publisher":{"@id":"https:\/\/www.cranio-room.com\/#\/schema\/person\/9885151246b8c7a4f807e339b6c72f99"},"potentialAction":[{"@type":"SearchAction","target":{"@type":"EntryPoint","urlTemplate":"https:\/\/www.cranio-room.com\/?s={search_term_string}"},"query-input":{"@type":"PropertyValueSpecification","valueRequired":true,"valueName":"search_term_string"}}],"inLanguage":"en-GB"},{"@type":["Person","Organization"],"@id":"https:\/\/www.cranio-room.com\/#\/schema\/person\/9885151246b8c7a4f807e339b6c72f99","name":"stephanie","image":{"@type":"ImageObject","inLanguage":"en-GB","@id":"https:\/\/www.cranio-room.com\/wp-content\/uploads\/2021\/02\/craniosacral_logo.png","url":"https:\/\/www.cranio-room.com\/wp-content\/uploads\/2021\/02\/craniosacral_logo.png","contentUrl":"https:\/\/www.cranio-room.com\/wp-content\/uploads\/2021\/02\/craniosacral_logo.png","width":174,"height":175,"caption":"stephanie"},"logo":{"@id":"https:\/\/www.cranio-room.com\/wp-content\/uploads\/2021\/02\/craniosacral_logo.png"}}]}},"_links":{"self":[{"href":"https:\/\/www.cranio-room.com\/en\/wp-json\/wp\/v2\/pages\/50","targetHints":{"allow":["GET"]}}],"collection":[{"href":"https:\/\/www.cranio-room.com\/en\/wp-json\/wp\/v2\/pages"}],"about":[{"href":"https:\/\/www.cranio-room.com\/en\/wp-json\/wp\/v2\/types\/page"}],"author":[{"embeddable":true,"href":"https:\/\/www.cranio-room.com\/en\/wp-json\/wp\/v2\/users\/1"}],"replies":[{"embeddable":true,"href":"https:\/\/www.cranio-room.com\/en\/wp-json\/wp\/v2\/comments?post=50"}],"version-history":[{"count":24,"href":"https:\/\/www.cranio-room.com\/en\/wp-json\/wp\/v2\/pages\/50\/revisions"}],"predecessor-version":[{"id":329,"href":"https:\/\/www.cranio-room.com\/en\/wp-json\/wp\/v2\/pages\/50\/revisions\/329"}],"wp:featuredmedia":[{"embeddable":true,"href":"https:\/\/www.cranio-room.com\/en\/wp-json\/wp\/v2\/media\/19"}],"wp:attachment":[{"href":"https:\/\/www.cranio-room.com\/en\/wp-json\/wp\/v2\/media?parent=50"}],"curies":[{"name":"wp","href":"https:\/\/api.w.org\/{rel}","templated":true}]}}