{"id":48,"date":"2021-02-17T08:46:53","date_gmt":"2021-02-17T07:46:53","guid":{"rendered":"http:\/\/cranio-room.com\/?page_id=48"},"modified":"2022-10-08T09:59:14","modified_gmt":"2022-10-08T07:59:14","slug":"welcome","status":"publish","type":"page","link":"https:\/\/www.cranio-room.com\/en\/welcome\/","title":{"rendered":"Welcome"},"content":{"rendered":"\n<h2 class=\"wp-block-heading\">Welcome<\/h2>\n\n\n\n<div class=\"wp-block-columns is-layout-flex wp-container-core-columns-is-layout-9d6595d7 wp-block-columns-is-layout-flex\">\n<div class=\"wp-block-column is-layout-flow wp-block-column-is-layout-flow\" style=\"flex-basis:66.66%\">\n<p>You are looking for a gentle hands-on treatment to relieve stress and pain? Are you seeking a profound way to restitute the balance of your body and mind?<\/p>\n\n\n\n<p>I invite you to discover Caniosacral Treatment as a soothing and effective way to<\/p>\n\n\n\n<ul class=\"wp-block-list\"><li>restore your energy<\/li><li>deal with stress-related symptoms<\/li><li>release body tension<\/li><li>calm your mind<\/li><li>reconnect with your inner flow<\/li><\/ul>\n<\/div>\n\n\n\n<div class=\"wp-block-column is-layout-flow wp-block-column-is-layout-flow\" style=\"flex-basis:33.33%\">\n<div class=\"wp-block-image zitat\"><figure class=\"aligncenter size-large is-resized\"><a href=\"https:\/\/cranio-room.com\/wp-content\/uploads\/2021\/02\/craniosacral_zitat01e.png\"><img loading=\"lazy\" decoding=\"async\" src=\"https:\/\/cranio-room.com\/wp-content\/uploads\/2021\/02\/craniosacral_zitat01e.png\" alt=\"\" class=\"wp-image-27\" width=\"150\" height=\"150\" srcset=\"https:\/\/www.cranio-room.com\/wp-content\/uploads\/2021\/02\/craniosacral_zitat01e.png 176w, https:\/\/www.cranio-room.com\/wp-content\/uploads\/2021\/02\/craniosacral_zitat01e-150x150.png 150w\" sizes=\"auto, (max-width: 150px) 100vw, 150px\" \/><\/a><\/figure><\/div>\n<\/div>\n<\/div>\n","protected":false},"excerpt":{"rendered":"<p>Welcome You are looking for a gentle hands-on treatment to relieve stress and pain? Are you seeking a profound way to restitute the balance of your body and mind? I invite you to discover Caniosacral Treatment as a soothing and effective way to restore your energy deal with stress-related symptoms release body tension calm your &hellip;<\/p>\n","protected":false},"author":1,"featured_media":338,"parent":0,"menu_order":0,"comment_status":"closed","ping_status":"closed","template":"","meta":{"footnotes":""},"class_list":["post-48","page","type-page","status-publish","has-post-thumbnail","hentry"],"yoast_head":"<!-- This site is optimized with the Yoast SEO plugin v27.4 - https:\/\/yoast.com\/product\/yoast-seo-wordpress\/ -->\n<title>Welcome - Barbara von Freytag | Craniosacrale K\u00f6rperarbeit<\/title>\n<meta name=\"description\" content=\"Welcome - Craniosacral Therapy \/ soothing, non-invasive hands-on therapy to create a free body, open heart and clear mind\" \/>\n<meta name=\"robots\" content=\"index, follow, max-snippet:-1, max-image-preview:large, max-video-preview:-1\" \/>\n<link rel=\"canonical\" href=\"https:\/\/www.cranio-room.com\/en\/welcome\/\" \/>\n<meta property=\"og:locale\" content=\"en_GB\" \/>\n<meta property=\"og:locale:alternate\" content=\"de_DE\" \/>\n<meta property=\"og:type\" content=\"article\" \/>\n<meta property=\"og:title\" content=\"Welcome - Barbara von Freytag | Craniosacrale K\u00f6rperarbeit\" \/>\n<meta property=\"og:description\" content=\"Welcome - Craniosacrale K\u00f6rperarbeit | sanfte manuelle Ber\u00fchrung zur L\u00f6sung tieferer K\u00f6rperspannungen &amp; eingeschr\u00e4nkter Energiefelder\" \/>\n<meta property=\"og:url\" content=\"https:\/\/www.cranio-room.com\/en\/welcome\/\" \/>\n<meta property=\"og:site_name\" content=\"Cranio Room\" \/>\n<meta property=\"article:modified_time\" content=\"2022-10-08T07:59:14+00:00\" \/>\n<meta property=\"og:image\" content=\"https:\/\/www.cranio-room.com\/wp-content\/uploads\/2022\/10\/craniosacral_behandlungsraum01NEU05.jpg\" \/>\n\t<meta property=\"og:image:width\" content=\"1103\" \/>\n\t<meta property=\"og:image:height\" content=\"592\" \/>\n\t<meta property=\"og:image:type\" content=\"image\/jpeg\" \/>\n<meta name=\"twitter:card\" content=\"summary_large_image\" \/>\n<meta name=\"twitter:label1\" content=\"Estimated reading time\" \/>\n\t<meta name=\"twitter:data1\" content=\"1 minute\" \/>\n<script type=\"application\/ld+json\" class=\"yoast-schema-graph\">{\"@context\":\"https:\\\/\\\/schema.org\",\"@graph\":[{\"@type\":\"WebPage\",\"@id\":\"https:\\\/\\\/www.cranio-room.com\\\/de\\\/welcome\\\/\",\"url\":\"https:\\\/\\\/www.cranio-room.com\\\/de\\\/welcome\\\/\",\"name\":\"Welcome - Barbara von Freytag | Craniosacrale K\u00f6rperarbeit\",\"isPartOf\":{\"@id\":\"https:\\\/\\\/www.cranio-room.com\\\/#website\"},\"primaryImageOfPage\":{\"@id\":\"https:\\\/\\\/www.cranio-room.com\\\/de\\\/welcome\\\/#primaryimage\"},\"image\":{\"@id\":\"https:\\\/\\\/www.cranio-room.com\\\/de\\\/welcome\\\/#primaryimage\"},\"thumbnailUrl\":\"https:\\\/\\\/www.cranio-room.com\\\/wp-content\\\/uploads\\\/2022\\\/10\\\/craniosacral_behandlungsraum01NEU05.jpg\",\"datePublished\":\"2021-02-17T07:46:53+00:00\",\"dateModified\":\"2022-10-08T07:59:14+00:00\",\"description\":\"Welcome - Craniosacrale K\u00f6rperarbeit | sanfte manuelle Ber\u00fchrung zur L\u00f6sung tieferer K\u00f6rperspannungen & eingeschr\u00e4nkter Energiefelder\",\"breadcrumb\":{\"@id\":\"https:\\\/\\\/www.cranio-room.com\\\/de\\\/welcome\\\/#breadcrumb\"},\"inLanguage\":\"en-GB\",\"potentialAction\":[{\"@type\":\"ReadAction\",\"target\":[\"https:\\\/\\\/www.cranio-room.com\\\/de\\\/welcome\\\/\"]}]},{\"@type\":\"ImageObject\",\"inLanguage\":\"en-GB\",\"@id\":\"https:\\\/\\\/www.cranio-room.com\\\/de\\\/welcome\\\/#primaryimage\",\"url\":\"https:\\\/\\\/www.cranio-room.com\\\/wp-content\\\/uploads\\\/2022\\\/10\\\/craniosacral_behandlungsraum01NEU05.jpg\",\"contentUrl\":\"https:\\\/\\\/www.cranio-room.com\\\/wp-content\\\/uploads\\\/2022\\\/10\\\/craniosacral_behandlungsraum01NEU05.jpg\",\"width\":1103,\"height\":592},{\"@type\":\"BreadcrumbList\",\"@id\":\"https:\\\/\\\/www.cranio-room.com\\\/de\\\/welcome\\\/#breadcrumb\",\"itemListElement\":[{\"@type\":\"ListItem\",\"position\":1,\"name\":\"Startseite\",\"item\":\"https:\\\/\\\/www.cranio-room.com\\\/de\\\/\"},{\"@type\":\"ListItem\",\"position\":2,\"name\":\"Welcome\"}]},{\"@type\":\"WebSite\",\"@id\":\"https:\\\/\\\/www.cranio-room.com\\\/#website\",\"url\":\"https:\\\/\\\/www.cranio-room.com\\\/\",\"name\":\"Cranio Room\",\"description\":\"Barbara von Freytag | Cranio Room\",\"publisher\":{\"@id\":\"https:\\\/\\\/www.cranio-room.com\\\/#\\\/schema\\\/person\\\/9885151246b8c7a4f807e339b6c72f99\"},\"potentialAction\":[{\"@type\":\"SearchAction\",\"target\":{\"@type\":\"EntryPoint\",\"urlTemplate\":\"https:\\\/\\\/www.cranio-room.com\\\/?s={search_term_string}\"},\"query-input\":{\"@type\":\"PropertyValueSpecification\",\"valueRequired\":true,\"valueName\":\"search_term_string\"}}],\"inLanguage\":\"en-GB\"},{\"@type\":[\"Person\",\"Organization\"],\"@id\":\"https:\\\/\\\/www.cranio-room.com\\\/#\\\/schema\\\/person\\\/9885151246b8c7a4f807e339b6c72f99\",\"name\":\"stephanie\",\"image\":{\"@type\":\"ImageObject\",\"inLanguage\":\"en-GB\",\"@id\":\"https:\\\/\\\/www.cranio-room.com\\\/wp-content\\\/uploads\\\/2021\\\/02\\\/craniosacral_logo.png\",\"url\":\"https:\\\/\\\/www.cranio-room.com\\\/wp-content\\\/uploads\\\/2021\\\/02\\\/craniosacral_logo.png\",\"contentUrl\":\"https:\\\/\\\/www.cranio-room.com\\\/wp-content\\\/uploads\\\/2021\\\/02\\\/craniosacral_logo.png\",\"width\":174,\"height\":175,\"caption\":\"stephanie\"},\"logo\":{\"@id\":\"https:\\\/\\\/www.cranio-room.com\\\/wp-content\\\/uploads\\\/2021\\\/02\\\/craniosacral_logo.png\"}}]}<\/script>\n<!-- \/ Yoast SEO plugin. -->","yoast_head_json":{"title":"Welcome - Barbara von Freytag | Craniosacrale K\u00f6rperarbeit","description":"Welcome - Craniosacral Therapy \/ soothing, non-invasive hands-on therapy to create a free body, open heart and clear mind","robots":{"index":"index","follow":"follow","max-snippet":"max-snippet:-1","max-image-preview":"max-image-preview:large","max-video-preview":"max-video-preview:-1"},"canonical":"https:\/\/www.cranio-room.com\/en\/welcome\/","og_locale":"en_GB","og_type":"article","og_title":"Welcome - Barbara von Freytag | Craniosacrale K\u00f6rperarbeit","og_description":"Welcome - Craniosacrale K\u00f6rperarbeit | sanfte manuelle Ber\u00fchrung zur L\u00f6sung tieferer K\u00f6rperspannungen & eingeschr\u00e4nkter Energiefelder","og_url":"https:\/\/www.cranio-room.com\/en\/welcome\/","og_site_name":"Cranio Room","article_modified_time":"2022-10-08T07:59:14+00:00","og_image":[{"width":1103,"height":592,"url":"https:\/\/www.cranio-room.com\/wp-content\/uploads\/2022\/10\/craniosacral_behandlungsraum01NEU05.jpg","type":"image\/jpeg"}],"twitter_card":"summary_large_image","twitter_misc":{"Estimated reading time":"1 minute"},"schema":{"@context":"https:\/\/schema.org","@graph":[{"@type":"WebPage","@id":"https:\/\/www.cranio-room.com\/de\/welcome\/","url":"https:\/\/www.cranio-room.com\/de\/welcome\/","name":"Welcome - Barbara von Freytag | Craniosacrale K\u00f6rperarbeit","isPartOf":{"@id":"https:\/\/www.cranio-room.com\/#website"},"primaryImageOfPage":{"@id":"https:\/\/www.cranio-room.com\/de\/welcome\/#primaryimage"},"image":{"@id":"https:\/\/www.cranio-room.com\/de\/welcome\/#primaryimage"},"thumbnailUrl":"https:\/\/www.cranio-room.com\/wp-content\/uploads\/2022\/10\/craniosacral_behandlungsraum01NEU05.jpg","datePublished":"2021-02-17T07:46:53+00:00","dateModified":"2022-10-08T07:59:14+00:00","description":"Welcome - Craniosacrale K\u00f6rperarbeit | sanfte manuelle Ber\u00fchrung zur L\u00f6sung tieferer K\u00f6rperspannungen & eingeschr\u00e4nkter Energiefelder","breadcrumb":{"@id":"https:\/\/www.cranio-room.com\/de\/welcome\/#breadcrumb"},"inLanguage":"en-GB","potentialAction":[{"@type":"ReadAction","target":["https:\/\/www.cranio-room.com\/de\/welcome\/"]}]},{"@type":"ImageObject","inLanguage":"en-GB","@id":"https:\/\/www.cranio-room.com\/de\/welcome\/#primaryimage","url":"https:\/\/www.cranio-room.com\/wp-content\/uploads\/2022\/10\/craniosacral_behandlungsraum01NEU05.jpg","contentUrl":"https:\/\/www.cranio-room.com\/wp-content\/uploads\/2022\/10\/craniosacral_behandlungsraum01NEU05.jpg","width":1103,"height":592},{"@type":"BreadcrumbList","@id":"https:\/\/www.cranio-room.com\/de\/welcome\/#breadcrumb","itemListElement":[{"@type":"ListItem","position":1,"name":"Startseite","item":"https:\/\/www.cranio-room.com\/de\/"},{"@type":"ListItem","position":2,"name":"Welcome"}]},{"@type":"WebSite","@id":"https:\/\/www.cranio-room.com\/#website","url":"https:\/\/www.cranio-room.com\/","name":"Cranio Room","description":"Barbara von Freytag | Cranio Room","publisher":{"@id":"https:\/\/www.cranio-room.com\/#\/schema\/person\/9885151246b8c7a4f807e339b6c72f99"},"potentialAction":[{"@type":"SearchAction","target":{"@type":"EntryPoint","urlTemplate":"https:\/\/www.cranio-room.com\/?s={search_term_string}"},"query-input":{"@type":"PropertyValueSpecification","valueRequired":true,"valueName":"search_term_string"}}],"inLanguage":"en-GB"},{"@type":["Person","Organization"],"@id":"https:\/\/www.cranio-room.com\/#\/schema\/person\/9885151246b8c7a4f807e339b6c72f99","name":"stephanie","image":{"@type":"ImageObject","inLanguage":"en-GB","@id":"https:\/\/www.cranio-room.com\/wp-content\/uploads\/2021\/02\/craniosacral_logo.png","url":"https:\/\/www.cranio-room.com\/wp-content\/uploads\/2021\/02\/craniosacral_logo.png","contentUrl":"https:\/\/www.cranio-room.com\/wp-content\/uploads\/2021\/02\/craniosacral_logo.png","width":174,"height":175,"caption":"stephanie"},"logo":{"@id":"https:\/\/www.cranio-room.com\/wp-content\/uploads\/2021\/02\/craniosacral_logo.png"}}]}},"_links":{"self":[{"href":"https:\/\/www.cranio-room.com\/en\/wp-json\/wp\/v2\/pages\/48","targetHints":{"allow":["GET"]}}],"collection":[{"href":"https:\/\/www.cranio-room.com\/en\/wp-json\/wp\/v2\/pages"}],"about":[{"href":"https:\/\/www.cranio-room.com\/en\/wp-json\/wp\/v2\/types\/page"}],"author":[{"embeddable":true,"href":"https:\/\/www.cranio-room.com\/en\/wp-json\/wp\/v2\/users\/1"}],"replies":[{"embeddable":true,"href":"https:\/\/www.cranio-room.com\/en\/wp-json\/wp\/v2\/comments?post=48"}],"version-history":[{"count":10,"href":"https:\/\/www.cranio-room.com\/en\/wp-json\/wp\/v2\/pages\/48\/revisions"}],"predecessor-version":[{"id":196,"href":"https:\/\/www.cranio-room.com\/en\/wp-json\/wp\/v2\/pages\/48\/revisions\/196"}],"wp:featuredmedia":[{"embeddable":true,"href":"https:\/\/www.cranio-room.com\/en\/wp-json\/wp\/v2\/media\/338"}],"wp:attachment":[{"href":"https:\/\/www.cranio-room.com\/en\/wp-json\/wp\/v2\/media?parent=48"}],"curies":[{"name":"wp","href":"https:\/\/api.w.org\/{rel}","templated":true}]}}