{"id":42,"date":"2021-02-17T08:45:41","date_gmt":"2021-02-17T07:45:41","guid":{"rendered":"http:\/\/cranio-room.com\/?page_id=42"},"modified":"2021-03-29T11:20:09","modified_gmt":"2021-03-29T09:20:09","slug":"ueber-mich","status":"publish","type":"page","link":"https:\/\/www.cranio-room.com\/en\/ueber-mich\/","title":{"rendered":"About me"},"content":{"rendered":"\n<h2 class=\"wp-block-heading\">About me<\/h2>\n\n\n\n<div class=\"wp-block-columns is-layout-flex wp-container-core-columns-is-layout-9d6595d7 wp-block-columns-is-layout-flex\">\n<div class=\"wp-block-column is-layout-flow wp-block-column-is-layout-flow\" style=\"flex-basis:66.66%\">\n<p>I discovered craniosacral therapy after the birth of my son. I had prepared for a water birth, but the baby arrived by a cesarean section. The next day, a young man came to treat my newborn. He used the lightest touch, gently floating over the tiny body, his hands gliding more than touching. Lying beside my son, I felt drawn into a deep wave of flow and relaxation. Still intimately connected to the child, I joined his journey, feeling held and floating at the same time.<\/p>\n\n\n\n<p>This encounter started my long journey into the mystery of the craniosacral wave. Following some initial training sessions, I had the good fortune to be led onto the path of Visionary Craniosacral Work\u00ae, a respected international programme taught by the Milne Institute. This practice interweaves the different treatment facets of the craniosacral system \u2013 mechanical, energetic, biodynamic and visionary \u2013 tuning it into a perfect balance. As a certified Practioner of Visionary Craniosacral Work, I feel I have come \u2018home\u2019.<\/p>\n\n\n\n<p>Finding \u201ahome\u2019 has been precious for me, as I have been on a long expatriate journey. From mixed German-Finnish background, I have lived in England, Austria, France, Russia, the Czech Republic, and more recently Belgium. I have worked as a journalist, analyst and expert on Russia, always with a focus on civic activism and civil society. The belief in the personal empowerment of every individual drives my life, tying everything together with a fine thread.<\/p>\n\n\n\n<p>And as I covered distance, the search for depth became an intense longing. In all our wanderings, it\u2019s our inner journey which makes us what we are. But we need to be connected to our roots to spread our wings fully. The intrinsic value of cranial work is that it is about connecting \u2013 to our inner flow, to our heart, to our essence. I love Visionary Craniosacral Work because it blends together technical and intuitive skills to connect to the deeper rhythms of the body, mind and spirit of a person. I continue to be amazed how the gentlest touch can lead to profound release, decompression and self-healing.<\/p>\n\n\n\n<p>Stillness, empathy and respect are at the core of my work.<\/p>\n<\/div>\n\n\n\n<div class=\"wp-block-column is-layout-flow wp-block-column-is-layout-flow\" style=\"flex-basis:33.33%\">\n<div class=\"wp-block-image zitat\"><figure class=\"aligncenter size-large is-resized\"><a href=\"https:\/\/cranio-room.com\/wp-content\/uploads\/2021\/02\/craniosacral_zitat03e.png\"><img loading=\"lazy\" decoding=\"async\" src=\"https:\/\/cranio-room.com\/wp-content\/uploads\/2021\/02\/craniosacral_zitat03e.png\" alt=\"Craniosacral - quote\" class=\"wp-image-31\" width=\"150\" height=\"150\" srcset=\"https:\/\/www.cranio-room.com\/wp-content\/uploads\/2021\/02\/craniosacral_zitat03e.png 176w, https:\/\/www.cranio-room.com\/wp-content\/uploads\/2021\/02\/craniosacral_zitat03e-150x150.png 150w\" sizes=\"auto, (max-width: 150px) 100vw, 150px\" \/><\/a><\/figure><\/div>\n<\/div>\n<\/div>\n","protected":false},"excerpt":{"rendered":"<p>About me I discovered craniosacral therapy after the birth of my son. I had prepared for a water birth, but the baby arrived by a cesarean section. The next day, a young man came to treat my newborn. He used the lightest touch, gently floating over the tiny body, his hands gliding more than touching. &hellip;<\/p>\n","protected":false},"author":1,"featured_media":15,"parent":0,"menu_order":0,"comment_status":"closed","ping_status":"closed","template":"","meta":{"footnotes":""},"class_list":["post-42","page","type-page","status-publish","has-post-thumbnail","hentry"],"yoast_head":"<!-- This site is optimized with the Yoast SEO plugin v27.4 - https:\/\/yoast.com\/product\/yoast-seo-wordpress\/ -->\n<title>\u00dcber mich - Barbara von Freytag | Craniosacrale K\u00f6rperarbeit in Berlin<\/title>\n<meta name=\"description\" content=\"About me - Craniosacral Therapy \/ soothing, non-invasive hands-on therapy to create a free body, open heart and clear mind\" \/>\n<meta name=\"robots\" content=\"index, follow, max-snippet:-1, max-image-preview:large, max-video-preview:-1\" \/>\n<link rel=\"canonical\" href=\"https:\/\/www.cranio-room.com\/en\/ueber-mich\/\" \/>\n<meta property=\"og:locale\" content=\"en_GB\" \/>\n<meta property=\"og:locale:alternate\" content=\"de_DE\" \/>\n<meta property=\"og:type\" content=\"article\" \/>\n<meta property=\"og:title\" content=\"\u00dcber mich - Barbara von Freytag | Craniosacrale K\u00f6rperarbeit in Berlin\" \/>\n<meta property=\"og:description\" content=\"\u00dcber mich - Craniosacrale K\u00f6rperarbeit | sanfte manuelle Ber\u00fchrung zur L\u00f6sung tieferer K\u00f6rperspannungen &amp; eingeschr\u00e4nkter Energiefelder\" \/>\n<meta property=\"og:url\" content=\"https:\/\/www.cranio-room.com\/en\/ueber-mich\/\" \/>\n<meta property=\"og:site_name\" content=\"Cranio Room\" \/>\n<meta property=\"article:modified_time\" content=\"2021-03-29T09:20:09+00:00\" \/>\n<meta property=\"og:image\" content=\"https:\/\/www.cranio-room.com\/wp-content\/uploads\/2021\/02\/barbaravonfreytag.png\" \/>\n\t<meta property=\"og:image:width\" content=\"935\" \/>\n\t<meta property=\"og:image:height\" content=\"460\" \/>\n\t<meta property=\"og:image:type\" content=\"image\/png\" \/>\n<meta name=\"twitter:card\" content=\"summary_large_image\" \/>\n<meta name=\"twitter:label1\" content=\"Estimated reading time\" \/>\n\t<meta name=\"twitter:data1\" content=\"2 minutes\" \/>\n<script type=\"application\/ld+json\" class=\"yoast-schema-graph\">{\"@context\":\"https:\\\/\\\/schema.org\",\"@graph\":[{\"@type\":\"WebPage\",\"@id\":\"https:\\\/\\\/www.cranio-room.com\\\/de\\\/ueber-mich\\\/\",\"url\":\"https:\\\/\\\/www.cranio-room.com\\\/de\\\/ueber-mich\\\/\",\"name\":\"\u00dcber mich - Barbara von Freytag | Craniosacrale K\u00f6rperarbeit in Berlin\",\"isPartOf\":{\"@id\":\"https:\\\/\\\/www.cranio-room.com\\\/#website\"},\"primaryImageOfPage\":{\"@id\":\"https:\\\/\\\/www.cranio-room.com\\\/de\\\/ueber-mich\\\/#primaryimage\"},\"image\":{\"@id\":\"https:\\\/\\\/www.cranio-room.com\\\/de\\\/ueber-mich\\\/#primaryimage\"},\"thumbnailUrl\":\"https:\\\/\\\/www.cranio-room.com\\\/wp-content\\\/uploads\\\/2021\\\/02\\\/barbaravonfreytag.png\",\"datePublished\":\"2021-02-17T07:45:41+00:00\",\"dateModified\":\"2021-03-29T09:20:09+00:00\",\"description\":\"\u00dcber mich - Craniosacrale K\u00f6rperarbeit | sanfte manuelle Ber\u00fchrung zur L\u00f6sung tieferer K\u00f6rperspannungen & eingeschr\u00e4nkter Energiefelder\",\"breadcrumb\":{\"@id\":\"https:\\\/\\\/www.cranio-room.com\\\/de\\\/ueber-mich\\\/#breadcrumb\"},\"inLanguage\":\"en-GB\",\"potentialAction\":[{\"@type\":\"ReadAction\",\"target\":[\"https:\\\/\\\/www.cranio-room.com\\\/de\\\/ueber-mich\\\/\"]}]},{\"@type\":\"ImageObject\",\"inLanguage\":\"en-GB\",\"@id\":\"https:\\\/\\\/www.cranio-room.com\\\/de\\\/ueber-mich\\\/#primaryimage\",\"url\":\"https:\\\/\\\/www.cranio-room.com\\\/wp-content\\\/uploads\\\/2021\\\/02\\\/barbaravonfreytag.png\",\"contentUrl\":\"https:\\\/\\\/www.cranio-room.com\\\/wp-content\\\/uploads\\\/2021\\\/02\\\/barbaravonfreytag.png\",\"width\":935,\"height\":460,\"caption\":\"Barbara von Freytag\"},{\"@type\":\"BreadcrumbList\",\"@id\":\"https:\\\/\\\/www.cranio-room.com\\\/de\\\/ueber-mich\\\/#breadcrumb\",\"itemListElement\":[{\"@type\":\"ListItem\",\"position\":1,\"name\":\"Startseite\",\"item\":\"https:\\\/\\\/www.cranio-room.com\\\/de\\\/\"},{\"@type\":\"ListItem\",\"position\":2,\"name\":\"\u00dcber mich\"}]},{\"@type\":\"WebSite\",\"@id\":\"https:\\\/\\\/www.cranio-room.com\\\/#website\",\"url\":\"https:\\\/\\\/www.cranio-room.com\\\/\",\"name\":\"Cranio Room\",\"description\":\"Barbara von Freytag | Cranio Room\",\"publisher\":{\"@id\":\"https:\\\/\\\/www.cranio-room.com\\\/#\\\/schema\\\/person\\\/9885151246b8c7a4f807e339b6c72f99\"},\"potentialAction\":[{\"@type\":\"SearchAction\",\"target\":{\"@type\":\"EntryPoint\",\"urlTemplate\":\"https:\\\/\\\/www.cranio-room.com\\\/?s={search_term_string}\"},\"query-input\":{\"@type\":\"PropertyValueSpecification\",\"valueRequired\":true,\"valueName\":\"search_term_string\"}}],\"inLanguage\":\"en-GB\"},{\"@type\":[\"Person\",\"Organization\"],\"@id\":\"https:\\\/\\\/www.cranio-room.com\\\/#\\\/schema\\\/person\\\/9885151246b8c7a4f807e339b6c72f99\",\"name\":\"stephanie\",\"image\":{\"@type\":\"ImageObject\",\"inLanguage\":\"en-GB\",\"@id\":\"https:\\\/\\\/www.cranio-room.com\\\/wp-content\\\/uploads\\\/2021\\\/02\\\/craniosacral_logo.png\",\"url\":\"https:\\\/\\\/www.cranio-room.com\\\/wp-content\\\/uploads\\\/2021\\\/02\\\/craniosacral_logo.png\",\"contentUrl\":\"https:\\\/\\\/www.cranio-room.com\\\/wp-content\\\/uploads\\\/2021\\\/02\\\/craniosacral_logo.png\",\"width\":174,\"height\":175,\"caption\":\"stephanie\"},\"logo\":{\"@id\":\"https:\\\/\\\/www.cranio-room.com\\\/wp-content\\\/uploads\\\/2021\\\/02\\\/craniosacral_logo.png\"}}]}<\/script>\n<!-- \/ Yoast SEO plugin. -->","yoast_head_json":{"title":"\u00dcber mich - Barbara von Freytag | Craniosacrale K\u00f6rperarbeit in Berlin","description":"About me - Craniosacral Therapy \/ soothing, non-invasive hands-on therapy to create a free body, open heart and clear mind","robots":{"index":"index","follow":"follow","max-snippet":"max-snippet:-1","max-image-preview":"max-image-preview:large","max-video-preview":"max-video-preview:-1"},"canonical":"https:\/\/www.cranio-room.com\/en\/ueber-mich\/","og_locale":"en_GB","og_type":"article","og_title":"\u00dcber mich - Barbara von Freytag | Craniosacrale K\u00f6rperarbeit in Berlin","og_description":"\u00dcber mich - Craniosacrale K\u00f6rperarbeit | sanfte manuelle Ber\u00fchrung zur L\u00f6sung tieferer K\u00f6rperspannungen & eingeschr\u00e4nkter Energiefelder","og_url":"https:\/\/www.cranio-room.com\/en\/ueber-mich\/","og_site_name":"Cranio Room","article_modified_time":"2021-03-29T09:20:09+00:00","og_image":[{"width":935,"height":460,"url":"https:\/\/www.cranio-room.com\/wp-content\/uploads\/2021\/02\/barbaravonfreytag.png","type":"image\/png"}],"twitter_card":"summary_large_image","twitter_misc":{"Estimated reading time":"2 minutes"},"schema":{"@context":"https:\/\/schema.org","@graph":[{"@type":"WebPage","@id":"https:\/\/www.cranio-room.com\/de\/ueber-mich\/","url":"https:\/\/www.cranio-room.com\/de\/ueber-mich\/","name":"\u00dcber mich - Barbara von Freytag | Craniosacrale K\u00f6rperarbeit in Berlin","isPartOf":{"@id":"https:\/\/www.cranio-room.com\/#website"},"primaryImageOfPage":{"@id":"https:\/\/www.cranio-room.com\/de\/ueber-mich\/#primaryimage"},"image":{"@id":"https:\/\/www.cranio-room.com\/de\/ueber-mich\/#primaryimage"},"thumbnailUrl":"https:\/\/www.cranio-room.com\/wp-content\/uploads\/2021\/02\/barbaravonfreytag.png","datePublished":"2021-02-17T07:45:41+00:00","dateModified":"2021-03-29T09:20:09+00:00","description":"\u00dcber mich - Craniosacrale K\u00f6rperarbeit | sanfte manuelle Ber\u00fchrung zur L\u00f6sung tieferer K\u00f6rperspannungen & eingeschr\u00e4nkter Energiefelder","breadcrumb":{"@id":"https:\/\/www.cranio-room.com\/de\/ueber-mich\/#breadcrumb"},"inLanguage":"en-GB","potentialAction":[{"@type":"ReadAction","target":["https:\/\/www.cranio-room.com\/de\/ueber-mich\/"]}]},{"@type":"ImageObject","inLanguage":"en-GB","@id":"https:\/\/www.cranio-room.com\/de\/ueber-mich\/#primaryimage","url":"https:\/\/www.cranio-room.com\/wp-content\/uploads\/2021\/02\/barbaravonfreytag.png","contentUrl":"https:\/\/www.cranio-room.com\/wp-content\/uploads\/2021\/02\/barbaravonfreytag.png","width":935,"height":460,"caption":"Barbara von Freytag"},{"@type":"BreadcrumbList","@id":"https:\/\/www.cranio-room.com\/de\/ueber-mich\/#breadcrumb","itemListElement":[{"@type":"ListItem","position":1,"name":"Startseite","item":"https:\/\/www.cranio-room.com\/de\/"},{"@type":"ListItem","position":2,"name":"\u00dcber mich"}]},{"@type":"WebSite","@id":"https:\/\/www.cranio-room.com\/#website","url":"https:\/\/www.cranio-room.com\/","name":"Cranio Room","description":"Barbara von Freytag | Cranio Room","publisher":{"@id":"https:\/\/www.cranio-room.com\/#\/schema\/person\/9885151246b8c7a4f807e339b6c72f99"},"potentialAction":[{"@type":"SearchAction","target":{"@type":"EntryPoint","urlTemplate":"https:\/\/www.cranio-room.com\/?s={search_term_string}"},"query-input":{"@type":"PropertyValueSpecification","valueRequired":true,"valueName":"search_term_string"}}],"inLanguage":"en-GB"},{"@type":["Person","Organization"],"@id":"https:\/\/www.cranio-room.com\/#\/schema\/person\/9885151246b8c7a4f807e339b6c72f99","name":"stephanie","image":{"@type":"ImageObject","inLanguage":"en-GB","@id":"https:\/\/www.cranio-room.com\/wp-content\/uploads\/2021\/02\/craniosacral_logo.png","url":"https:\/\/www.cranio-room.com\/wp-content\/uploads\/2021\/02\/craniosacral_logo.png","contentUrl":"https:\/\/www.cranio-room.com\/wp-content\/uploads\/2021\/02\/craniosacral_logo.png","width":174,"height":175,"caption":"stephanie"},"logo":{"@id":"https:\/\/www.cranio-room.com\/wp-content\/uploads\/2021\/02\/craniosacral_logo.png"}}]}},"_links":{"self":[{"href":"https:\/\/www.cranio-room.com\/en\/wp-json\/wp\/v2\/pages\/42","targetHints":{"allow":["GET"]}}],"collection":[{"href":"https:\/\/www.cranio-room.com\/en\/wp-json\/wp\/v2\/pages"}],"about":[{"href":"https:\/\/www.cranio-room.com\/en\/wp-json\/wp\/v2\/types\/page"}],"author":[{"embeddable":true,"href":"https:\/\/www.cranio-room.com\/en\/wp-json\/wp\/v2\/users\/1"}],"replies":[{"embeddable":true,"href":"https:\/\/www.cranio-room.com\/en\/wp-json\/wp\/v2\/comments?post=42"}],"version-history":[{"count":11,"href":"https:\/\/www.cranio-room.com\/en\/wp-json\/wp\/v2\/pages\/42\/revisions"}],"predecessor-version":[{"id":246,"href":"https:\/\/www.cranio-room.com\/en\/wp-json\/wp\/v2\/pages\/42\/revisions\/246"}],"wp:featuredmedia":[{"embeddable":true,"href":"https:\/\/www.cranio-room.com\/en\/wp-json\/wp\/v2\/media\/15"}],"wp:attachment":[{"href":"https:\/\/www.cranio-room.com\/en\/wp-json\/wp\/v2\/media?parent=42"}],"curies":[{"name":"wp","href":"https:\/\/api.w.org\/{rel}","templated":true}]}}