{"id":44,"date":"2021-02-17T08:46:07","date_gmt":"2021-02-17T07:46:07","guid":{"rendered":"http:\/\/cranio-room.com\/?page_id=44"},"modified":"2021-03-29T11:19:33","modified_gmt":"2021-03-29T09:19:33","slug":"craniosacral","status":"publish","type":"page","link":"https:\/\/www.cranio-room.com\/de\/craniosacral\/","title":{"rendered":"Craniosacral"},"content":{"rendered":"\n<h2 class=\"wp-block-heading\">Craniosacral<\/h2>\n\n\n\n<div class=\"wp-block-columns is-layout-flex wp-container-core-columns-is-layout-9d6595d7 wp-block-columns-is-layout-flex\">\n<div class=\"wp-block-column is-layout-flow wp-block-column-is-layout-flow\" style=\"flex-basis:66.66%\">\n<p>Craniosacrale Therapie (CST) ist eine ganzheitliche, nicht-invasive manuelle Therapie.&nbsp;CST hat sich vor rund 100 Jahren aus der Osteopathie entwickelt.&nbsp;Sie arbeitet mit sanfter Ber\u00fchrung, um den Fluss der Gehirn- und R\u00fcckmarksfl\u00fcssigkeit auszugleichen.&nbsp;Diese Fl\u00fcssigkeit ist den meisten von uns wenig bekannt und bewegt sich in einer langsamen, flutartigen Bewegung zwischen dem Kopf (Cranium) und dem Kreuzbein (Sacrum). Der Rhythmus der \u201ecranialen Welle\u201c, die das zentrale Nervensystem umsp\u00fclt, schwingt in jeder Zelle und ist im ganzen K\u00f6rper tastbar. Der Gr\u00fcnder der Craniosacralen Therapie, William G. Sutherland, sah in dieser Pulsation den Ursprung des Lebens und sprach vom \u201eAtem des Lebens\u201c.<\/p>\n\n\n\n<p class=\"has-text-align-center\">* * * * *<\/p>\n\n\n\n<p>Craniosacrale K\u00f6rperarbeit, wie ich sie praktiziere, bezieht sich ganz auf diesen Rhythmus der cranialen Welle, unsere \u201eprim\u00e4re Atmung\u201c (Sutherland).<\/p>\n\n\n\n<p>Dieser Rhythmus ist individuell in jedem von uns. Er ist in uns von Anfang an, vor dem Puls unseres Herzens und unserem Atem.<\/p>\n\n\n\n<p><strong>Der craniale Rhythmus ist unser inneres Flussbett.<br>In ihm sind wir zu Hause, in Einklang mit uns selbst.<\/strong><\/p>\n\n\n\n<p>Craniosacrale Arbeit hilft, sich mit dieser inneren \u201eWelle\u201d zu verbinden, um einen L\u00f6sungsprozess einzuleiten. Durch sanfte und pr\u00e4zise Ber\u00fchrungen k\u00f6nnen tiefere Spannungen im K\u00f6rper befreit und eingeschr\u00e4nkte Energie- und Bewegungsmuster aufgel\u00f6st werden. Der Organismus findet zu seiner Schwingungsf\u00e4higkeit zur\u00fcck. Das Herz kann sich \u00f6ffnen, der Geist klar werden, der K\u00f6rper einen freien inneren Fluss finden. Gesundheit im ganzheitlichen Sinne wird m\u00f6glich.<\/p>\n\n\n\n<h3 class=\"wp-block-heading\">Craniosacrale Sitzung<\/h3>\n\n\n\n<p>Eine craniosacrale Anwendung dauert etwa 90 Minuten.&nbsp;Es ist wichtig, sich Zeit und Ruhe zu lassen.&nbsp;Craniosacrale Arbeit erm\u00f6glicht, auf einer tieferen Ebene innezuhalten, sich zu entspannen und loszulassen.&nbsp;Meistens entsteht ein Gef\u00fchl der Verlangsamung und Zeitlosigkeit.<\/p>\n\n\n\n<p>Nach einem kurzen Gespr\u00e4ch legen Sie sich angezogen mit dem R\u00fccken auf die Liege.&nbsp; Decken und Kissen sorgen daf\u00fcr, dass Sie sich rundum wohlf\u00fchlen.<\/p>\n\n\n\n<p>Der gr\u00f6\u00dfte Teil der Sitzung findet in gro\u00dfer Stille statt.&nbsp;Die Stille l\u00e4dt ein, dem \u201eFl\u00fcstern des Herzens\u201c zu lauschen. Ich f\u00fchle den inneren Rhythmus der cranialen Welle und folge ihm mit sanften, liebevollen und \u201ewissenden\u201c H\u00e4nden.&nbsp;Das tiefe Gef\u00fchl, gehalten und gesehen zu werden, l\u00e4dt das innere System ein zu vertrauen, sich zu \u00f6ffnen und loszulassen. Das Gef\u00fchl von Raum UND Halt erm\u00f6glicht Ihnen, sich mit Ihren inneren Ressourcen zu verbinden; die selbstregulierenden Kr\u00e4fte des K\u00f6rpers werden freigesetzt.<\/p>\n<\/div>\n\n\n\n<div class=\"wp-block-column is-layout-flow wp-block-column-is-layout-flow\" style=\"flex-basis:33.33%\">\n<div class=\"wp-block-image zitat\"><figure class=\"aligncenter size-large is-resized\"><a href=\"http:\/\/www.cranio-room.com\/wp-content\/uploads\/2021\/02\/craniosacral_zitat02d.png\"><img loading=\"lazy\" decoding=\"async\" src=\"http:\/\/www.cranio-room.com\/wp-content\/uploads\/2021\/02\/craniosacral_zitat02d.png\" alt=\"Craniosacral - Zitat\" class=\"wp-image-28\" width=\"150\" height=\"150\" srcset=\"https:\/\/www.cranio-room.com\/wp-content\/uploads\/2021\/02\/craniosacral_zitat02d.png 176w, https:\/\/www.cranio-room.com\/wp-content\/uploads\/2021\/02\/craniosacral_zitat02d-150x150.png 150w\" sizes=\"auto, (max-width: 150px) 100vw, 150px\" \/><\/a><\/figure><\/div>\n<\/div>\n<\/div>\n","protected":false},"excerpt":{"rendered":"<p>Craniosacral Craniosacrale Therapie (CST) ist eine ganzheitliche, nicht-invasive manuelle Therapie.&nbsp;CST hat sich vor rund 100 Jahren aus der Osteopathie entwickelt.&nbsp;Sie arbeitet mit sanfter Ber\u00fchrung, um den Fluss der Gehirn- und R\u00fcckmarksfl\u00fcssigkeit auszugleichen.&nbsp;Diese Fl\u00fcssigkeit ist den meisten von uns wenig bekannt und bewegt sich in einer langsamen, flutartigen Bewegung zwischen dem Kopf (Cranium) und dem Kreuzbein &hellip;<\/p>\n","protected":false},"author":1,"featured_media":20,"parent":0,"menu_order":0,"comment_status":"closed","ping_status":"closed","template":"","meta":{"footnotes":""},"class_list":["post-44","page","type-page","status-publish","has-post-thumbnail","hentry"],"yoast_head":"<!-- This site is optimized with the Yoast SEO plugin v27.4 - https:\/\/yoast.com\/product\/yoast-seo-wordpress\/ -->\n<title>Craniosacral - Barbara von Freytag | Craniosacrale K\u00f6rperarbeit in Berlin<\/title>\n<meta name=\"description\" content=\"Craniosacral - Craniosacrale K\u00f6rperarbeit | sanfte manuelle Ber\u00fchrung zur L\u00f6sung tieferer K\u00f6rperspannungen &amp; eingeschr\u00e4nkter Energiefelder\" \/>\n<meta name=\"robots\" content=\"index, follow, max-snippet:-1, max-image-preview:large, max-video-preview:-1\" \/>\n<link rel=\"canonical\" href=\"https:\/\/www.cranio-room.com\/de\/craniosacral\/\" \/>\n<meta property=\"og:locale\" content=\"de_DE\" \/>\n<meta property=\"og:locale:alternate\" content=\"en_UK\" \/>\n<meta property=\"og:type\" content=\"article\" \/>\n<meta property=\"og:title\" content=\"Craniosacral - Barbara von Freytag | Craniosacrale K\u00f6rperarbeit in Berlin\" \/>\n<meta property=\"og:description\" content=\"Craniosacral - Craniosacrale K\u00f6rperarbeit | sanfte manuelle Ber\u00fchrung zur L\u00f6sung tieferer K\u00f6rperspannungen &amp; eingeschr\u00e4nkter Energiefelder\" \/>\n<meta property=\"og:url\" content=\"https:\/\/www.cranio-room.com\/de\/craniosacral\/\" \/>\n<meta property=\"og:site_name\" content=\"Cranio Room\" \/>\n<meta property=\"article:modified_time\" content=\"2021-03-29T09:19:33+00:00\" \/>\n<meta property=\"og:image\" content=\"https:\/\/www.cranio-room.com\/wp-content\/uploads\/2021\/02\/craniosacral_cstherapy.png\" \/>\n\t<meta property=\"og:image:width\" content=\"935\" \/>\n\t<meta property=\"og:image:height\" content=\"460\" \/>\n\t<meta property=\"og:image:type\" content=\"image\/png\" \/>\n<meta name=\"twitter:card\" content=\"summary_large_image\" \/>\n<meta name=\"twitter:label1\" content=\"Gesch\u00e4tzte Lesezeit\" \/>\n\t<meta name=\"twitter:data1\" content=\"2\u00a0Minuten\" \/>\n<script type=\"application\/ld+json\" class=\"yoast-schema-graph\">{\"@context\":\"https:\\\/\\\/schema.org\",\"@graph\":[{\"@type\":\"WebPage\",\"@id\":\"https:\\\/\\\/www.cranio-room.com\\\/de\\\/craniosacral\\\/\",\"url\":\"https:\\\/\\\/www.cranio-room.com\\\/de\\\/craniosacral\\\/\",\"name\":\"Craniosacral - Barbara von Freytag | Craniosacrale K\u00f6rperarbeit in Berlin\",\"isPartOf\":{\"@id\":\"https:\\\/\\\/www.cranio-room.com\\\/#website\"},\"primaryImageOfPage\":{\"@id\":\"https:\\\/\\\/www.cranio-room.com\\\/de\\\/craniosacral\\\/#primaryimage\"},\"image\":{\"@id\":\"https:\\\/\\\/www.cranio-room.com\\\/de\\\/craniosacral\\\/#primaryimage\"},\"thumbnailUrl\":\"https:\\\/\\\/www.cranio-room.com\\\/wp-content\\\/uploads\\\/2021\\\/02\\\/craniosacral_cstherapy.png\",\"datePublished\":\"2021-02-17T07:46:07+00:00\",\"dateModified\":\"2021-03-29T09:19:33+00:00\",\"description\":\"Craniosacral - Craniosacrale K\u00f6rperarbeit | sanfte manuelle Ber\u00fchrung zur L\u00f6sung tieferer K\u00f6rperspannungen & eingeschr\u00e4nkter Energiefelder\",\"breadcrumb\":{\"@id\":\"https:\\\/\\\/www.cranio-room.com\\\/de\\\/craniosacral\\\/#breadcrumb\"},\"inLanguage\":\"de-DE\",\"potentialAction\":[{\"@type\":\"ReadAction\",\"target\":[\"https:\\\/\\\/www.cranio-room.com\\\/de\\\/craniosacral\\\/\"]}]},{\"@type\":\"ImageObject\",\"inLanguage\":\"de-DE\",\"@id\":\"https:\\\/\\\/www.cranio-room.com\\\/de\\\/craniosacral\\\/#primaryimage\",\"url\":\"https:\\\/\\\/www.cranio-room.com\\\/wp-content\\\/uploads\\\/2021\\\/02\\\/craniosacral_cstherapy.png\",\"contentUrl\":\"https:\\\/\\\/www.cranio-room.com\\\/wp-content\\\/uploads\\\/2021\\\/02\\\/craniosacral_cstherapy.png\",\"width\":935,\"height\":460,\"caption\":\"Craniosacrale Behandlung\"},{\"@type\":\"BreadcrumbList\",\"@id\":\"https:\\\/\\\/www.cranio-room.com\\\/de\\\/craniosacral\\\/#breadcrumb\",\"itemListElement\":[{\"@type\":\"ListItem\",\"position\":1,\"name\":\"Startseite\",\"item\":\"https:\\\/\\\/www.cranio-room.com\\\/de\\\/\"},{\"@type\":\"ListItem\",\"position\":2,\"name\":\"Craniosacral\"}]},{\"@type\":\"WebSite\",\"@id\":\"https:\\\/\\\/www.cranio-room.com\\\/#website\",\"url\":\"https:\\\/\\\/www.cranio-room.com\\\/\",\"name\":\"Cranio Room\",\"description\":\"Barbara von Freytag | Cranio Room\",\"publisher\":{\"@id\":\"https:\\\/\\\/www.cranio-room.com\\\/#\\\/schema\\\/person\\\/9885151246b8c7a4f807e339b6c72f99\"},\"potentialAction\":[{\"@type\":\"SearchAction\",\"target\":{\"@type\":\"EntryPoint\",\"urlTemplate\":\"https:\\\/\\\/www.cranio-room.com\\\/?s={search_term_string}\"},\"query-input\":{\"@type\":\"PropertyValueSpecification\",\"valueRequired\":true,\"valueName\":\"search_term_string\"}}],\"inLanguage\":\"de-DE\"},{\"@type\":[\"Person\",\"Organization\"],\"@id\":\"https:\\\/\\\/www.cranio-room.com\\\/#\\\/schema\\\/person\\\/9885151246b8c7a4f807e339b6c72f99\",\"name\":\"stephanie\",\"image\":{\"@type\":\"ImageObject\",\"inLanguage\":\"de-DE\",\"@id\":\"https:\\\/\\\/www.cranio-room.com\\\/wp-content\\\/uploads\\\/2021\\\/02\\\/craniosacral_logo.png\",\"url\":\"https:\\\/\\\/www.cranio-room.com\\\/wp-content\\\/uploads\\\/2021\\\/02\\\/craniosacral_logo.png\",\"contentUrl\":\"https:\\\/\\\/www.cranio-room.com\\\/wp-content\\\/uploads\\\/2021\\\/02\\\/craniosacral_logo.png\",\"width\":174,\"height\":175,\"caption\":\"stephanie\"},\"logo\":{\"@id\":\"https:\\\/\\\/www.cranio-room.com\\\/wp-content\\\/uploads\\\/2021\\\/02\\\/craniosacral_logo.png\"}}]}<\/script>\n<!-- \/ Yoast SEO plugin. -->","yoast_head_json":{"title":"Craniosacral - Barbara von Freytag | Craniosacrale K\u00f6rperarbeit in Berlin","description":"Craniosacral - Craniosacrale K\u00f6rperarbeit | sanfte manuelle Ber\u00fchrung zur L\u00f6sung tieferer K\u00f6rperspannungen & eingeschr\u00e4nkter Energiefelder","robots":{"index":"index","follow":"follow","max-snippet":"max-snippet:-1","max-image-preview":"max-image-preview:large","max-video-preview":"max-video-preview:-1"},"canonical":"https:\/\/www.cranio-room.com\/de\/craniosacral\/","og_locale":"de_DE","og_type":"article","og_title":"Craniosacral - Barbara von Freytag | Craniosacrale K\u00f6rperarbeit in Berlin","og_description":"Craniosacral - Craniosacrale K\u00f6rperarbeit | sanfte manuelle Ber\u00fchrung zur L\u00f6sung tieferer K\u00f6rperspannungen & eingeschr\u00e4nkter Energiefelder","og_url":"https:\/\/www.cranio-room.com\/de\/craniosacral\/","og_site_name":"Cranio Room","article_modified_time":"2021-03-29T09:19:33+00:00","og_image":[{"width":935,"height":460,"url":"https:\/\/www.cranio-room.com\/wp-content\/uploads\/2021\/02\/craniosacral_cstherapy.png","type":"image\/png"}],"twitter_card":"summary_large_image","twitter_misc":{"Gesch\u00e4tzte Lesezeit":"2\u00a0Minuten"},"schema":{"@context":"https:\/\/schema.org","@graph":[{"@type":"WebPage","@id":"https:\/\/www.cranio-room.com\/de\/craniosacral\/","url":"https:\/\/www.cranio-room.com\/de\/craniosacral\/","name":"Craniosacral - Barbara von Freytag | Craniosacrale K\u00f6rperarbeit in Berlin","isPartOf":{"@id":"https:\/\/www.cranio-room.com\/#website"},"primaryImageOfPage":{"@id":"https:\/\/www.cranio-room.com\/de\/craniosacral\/#primaryimage"},"image":{"@id":"https:\/\/www.cranio-room.com\/de\/craniosacral\/#primaryimage"},"thumbnailUrl":"https:\/\/www.cranio-room.com\/wp-content\/uploads\/2021\/02\/craniosacral_cstherapy.png","datePublished":"2021-02-17T07:46:07+00:00","dateModified":"2021-03-29T09:19:33+00:00","description":"Craniosacral - Craniosacrale K\u00f6rperarbeit | sanfte manuelle Ber\u00fchrung zur L\u00f6sung tieferer K\u00f6rperspannungen & eingeschr\u00e4nkter Energiefelder","breadcrumb":{"@id":"https:\/\/www.cranio-room.com\/de\/craniosacral\/#breadcrumb"},"inLanguage":"de-DE","potentialAction":[{"@type":"ReadAction","target":["https:\/\/www.cranio-room.com\/de\/craniosacral\/"]}]},{"@type":"ImageObject","inLanguage":"de-DE","@id":"https:\/\/www.cranio-room.com\/de\/craniosacral\/#primaryimage","url":"https:\/\/www.cranio-room.com\/wp-content\/uploads\/2021\/02\/craniosacral_cstherapy.png","contentUrl":"https:\/\/www.cranio-room.com\/wp-content\/uploads\/2021\/02\/craniosacral_cstherapy.png","width":935,"height":460,"caption":"Craniosacrale Behandlung"},{"@type":"BreadcrumbList","@id":"https:\/\/www.cranio-room.com\/de\/craniosacral\/#breadcrumb","itemListElement":[{"@type":"ListItem","position":1,"name":"Startseite","item":"https:\/\/www.cranio-room.com\/de\/"},{"@type":"ListItem","position":2,"name":"Craniosacral"}]},{"@type":"WebSite","@id":"https:\/\/www.cranio-room.com\/#website","url":"https:\/\/www.cranio-room.com\/","name":"Cranio Room","description":"Barbara von Freytag | Cranio Room","publisher":{"@id":"https:\/\/www.cranio-room.com\/#\/schema\/person\/9885151246b8c7a4f807e339b6c72f99"},"potentialAction":[{"@type":"SearchAction","target":{"@type":"EntryPoint","urlTemplate":"https:\/\/www.cranio-room.com\/?s={search_term_string}"},"query-input":{"@type":"PropertyValueSpecification","valueRequired":true,"valueName":"search_term_string"}}],"inLanguage":"de-DE"},{"@type":["Person","Organization"],"@id":"https:\/\/www.cranio-room.com\/#\/schema\/person\/9885151246b8c7a4f807e339b6c72f99","name":"stephanie","image":{"@type":"ImageObject","inLanguage":"de-DE","@id":"https:\/\/www.cranio-room.com\/wp-content\/uploads\/2021\/02\/craniosacral_logo.png","url":"https:\/\/www.cranio-room.com\/wp-content\/uploads\/2021\/02\/craniosacral_logo.png","contentUrl":"https:\/\/www.cranio-room.com\/wp-content\/uploads\/2021\/02\/craniosacral_logo.png","width":174,"height":175,"caption":"stephanie"},"logo":{"@id":"https:\/\/www.cranio-room.com\/wp-content\/uploads\/2021\/02\/craniosacral_logo.png"}}]}},"_links":{"self":[{"href":"https:\/\/www.cranio-room.com\/de\/wp-json\/wp\/v2\/pages\/44","targetHints":{"allow":["GET"]}}],"collection":[{"href":"https:\/\/www.cranio-room.com\/de\/wp-json\/wp\/v2\/pages"}],"about":[{"href":"https:\/\/www.cranio-room.com\/de\/wp-json\/wp\/v2\/types\/page"}],"author":[{"embeddable":true,"href":"https:\/\/www.cranio-room.com\/de\/wp-json\/wp\/v2\/users\/1"}],"replies":[{"embeddable":true,"href":"https:\/\/www.cranio-room.com\/de\/wp-json\/wp\/v2\/comments?post=44"}],"version-history":[{"count":16,"href":"https:\/\/www.cranio-room.com\/de\/wp-json\/wp\/v2\/pages\/44\/revisions"}],"predecessor-version":[{"id":245,"href":"https:\/\/www.cranio-room.com\/de\/wp-json\/wp\/v2\/pages\/44\/revisions\/245"}],"wp:featuredmedia":[{"embeddable":true,"href":"https:\/\/www.cranio-room.com\/de\/wp-json\/wp\/v2\/media\/20"}],"wp:attachment":[{"href":"https:\/\/www.cranio-room.com\/de\/wp-json\/wp\/v2\/media?parent=44"}],"curies":[{"name":"wp","href":"https:\/\/api.w.org\/{rel}","templated":true}]}}