{"id":2,"date":"2015-12-22T07:07:04","date_gmt":"2015-12-22T06:07:04","guid":{"rendered":"http:\/\/xdast.abcde.biz\/wordpress\/?page_id=2"},"modified":"2022-10-08T21:05:58","modified_gmt":"2022-10-08T19:05:58","slug":"home","status":"publish","type":"page","link":"https:\/\/www.cranio-room.com\/de\/","title":{"rendered":"Home"},"content":{"rendered":"\n<div class=\"wp-block-image subtitle\"><figure class=\"aligncenter size-large is-resized\"><img loading=\"lazy\" decoding=\"async\" src=\"https:\/\/www.cranio-room.com\/wp-content\/uploads\/2022\/10\/craniosacral_behandlungsraum01NEU04a-1-1024x550.jpg\" alt=\"\" class=\"wp-image-340\" width=\"1103\" height=\"592\" srcset=\"https:\/\/www.cranio-room.com\/wp-content\/uploads\/2022\/10\/craniosacral_behandlungsraum01NEU04a-1-1024x550.jpg 1024w, https:\/\/www.cranio-room.com\/wp-content\/uploads\/2022\/10\/craniosacral_behandlungsraum01NEU04a-1-300x161.jpg 300w, https:\/\/www.cranio-room.com\/wp-content\/uploads\/2022\/10\/craniosacral_behandlungsraum01NEU04a-1-768x412.jpg 768w, https:\/\/www.cranio-room.com\/wp-content\/uploads\/2022\/10\/craniosacral_behandlungsraum01NEU04a-1.jpg 1103w\" sizes=\"auto, (max-width: 1103px) 100vw, 1103px\" \/><figcaption><a href=\"https:\/\/www.cranio-room.com\/welcome\/\">WELCOME<\/a><\/figcaption><\/figure><\/div>\n\n\n\n<div class=\"wp-block-columns is-layout-flex wp-container-core-columns-is-layout-9d6595d7 wp-block-columns-is-layout-flex\">\n<div class=\"wp-block-column is-layout-flow wp-block-column-is-layout-flow\">\n<figure class=\"wp-block-image size-large subtitle\"><a href=\"https:\/\/www.cranio-room.com\/craniosacral\"><img decoding=\"async\" src=\"https:\/\/www.cranio-room.com\/wp-content\/uploads\/2021\/02\/craniosacral_cstherapy.png\" alt=\"Craniosacral - Behandlung\" class=\"wp-image-376\"\/><\/a><figcaption><a href=\"https:\/\/www.cranio-room.com\/craniosacral\">CRANIOSACRAL<\/a><\/figcaption><\/figure>\n\n\n\n<figure class=\"wp-block-image size-large subtitle\"><a href=\"https:\/\/www.cranio-room.com\/stimmen\/\"><img decoding=\"async\" src=\"https:\/\/www.cranio-room.com\/wp-content\/uploads\/2021\/02\/craniosacral_references.jpg\" alt=\"Craniosacral - Rose\" class=\"wp-image-374\"\/><\/a><figcaption><a href=\"https:\/\/www.cranio-room.com\/stimmen\">STIMMEN<\/a><\/figcaption><\/figure>\n<\/div>\n\n\n\n<div class=\"wp-block-column is-layout-flow wp-block-column-is-layout-flow\">\n<figure class=\"wp-block-image size-large subtitle\"><a href=\"https:\/\/www.cranio-room.com\/ueber-mich\/\"><img decoding=\"async\" src=\"https:\/\/www.cranio-room.com\/wp-content\/uploads\/2021\/02\/barbaravonfreytag.png\" alt=\"Craniosacral - Barbara von Freytag\" class=\"wp-image-383\"\/><\/a><figcaption><a href=\"https:\/\/www.cranio-room.com\/ueber-mich\/\">\u00dcBER MICH<\/a><\/figcaption><\/figure>\n\n\n\n<figure class=\"wp-block-image size-large subtitle\"><a href=\"https:\/\/www.cranio-room.com\/links\"><img decoding=\"async\" src=\"https:\/\/www.cranio-room.com\/wp-content\/uploads\/2021\/02\/craniosacral_links.jpg\" alt=\"Craniosacral - Heiliger Ibis\" class=\"wp-image-385\"\/><\/a><figcaption><a href=\"https:\/\/www.cranio-room.com\/links\/\">LINKS<\/a><\/figcaption><\/figure>\n<\/div>\n<\/div>\n\n\n\n<div class=\"wp-block-image subtitle\"><figure class=\"aligncenter size-large is-resized\"><a href=\"https:\/\/www.cranio-room.com\/kontakt\/\"><img loading=\"lazy\" decoding=\"async\" src=\"https:\/\/www.cranio-room.com\/wp-content\/uploads\/2021\/02\/craniosacral_contact.png\" alt=\"Craniosacral - Schneckenmuschel\" class=\"wp-image-227\" width=\"535\" height=\"262\" title=\"\"\/><\/a><figcaption><a href=\"https:\/\/www.cranio-room.com\/kontakt\/\">KONTAKT<\/a><\/figcaption><\/figure><\/div>\n\n\n\n<p><\/p>\n","protected":false},"excerpt":{"rendered":"","protected":false},"author":1,"featured_media":0,"parent":0,"menu_order":0,"comment_status":"closed","ping_status":"open","template":"","meta":{"footnotes":""},"class_list":["post-2","page","type-page","status-publish","hentry"],"yoast_head":"<!-- This site is optimized with the Yoast SEO plugin v27.4 - https:\/\/yoast.com\/product\/yoast-seo-wordpress\/ -->\n<title>Home - Barbara von Freytag | Craniosacrale K\u00f6rperarbeit in Berlin<\/title>\n<meta name=\"description\" content=\"Home - Craniosacrale K\u00f6rperarbeit | sanfte manuelle Ber\u00fchrung zur L\u00f6sung tieferer K\u00f6rperspannungen &amp; eingeschr\u00e4nkter Energiefelder\" \/>\n<meta name=\"robots\" content=\"index, follow, max-snippet:-1, max-image-preview:large, max-video-preview:-1\" \/>\n<link rel=\"canonical\" href=\"https:\/\/www.cranio-room.com\/de\/\" \/>\n<meta property=\"og:locale\" content=\"de_DE\" \/>\n<meta property=\"og:locale:alternate\" content=\"en_UK\" \/>\n<meta property=\"og:type\" content=\"article\" \/>\n<meta property=\"og:title\" content=\"Home - Barbara von Freytag | Craniosacrale K\u00f6rperarbeit in Berlin\" \/>\n<meta property=\"og:description\" content=\"Home - Craniosacrale K\u00f6rperarbeit | sanfte manuelle Ber\u00fchrung zur L\u00f6sung tieferer K\u00f6rperspannungen &amp; eingeschr\u00e4nkter Energiefelder\" \/>\n<meta property=\"og:url\" content=\"https:\/\/www.cranio-room.com\/de\/\" \/>\n<meta property=\"og:site_name\" content=\"Cranio Room\" \/>\n<meta property=\"article:modified_time\" content=\"2022-10-08T19:05:58+00:00\" \/>\n<meta property=\"og:image\" content=\"https:\/\/www.cranio-room.com\/wp-content\/uploads\/2022\/10\/craniosacral_behandlungsraum01NEU04a-1-1024x550.jpg\" \/>\n<meta name=\"twitter:card\" content=\"summary_large_image\" \/>\n<meta name=\"twitter:label1\" content=\"Gesch\u00e4tzte Lesezeit\" \/>\n\t<meta name=\"twitter:data1\" content=\"2\u00a0Minuten\" \/>\n<script type=\"application\/ld+json\" class=\"yoast-schema-graph\">{\"@context\":\"https:\\\/\\\/schema.org\",\"@graph\":[{\"@type\":\"WebPage\",\"@id\":\"https:\\\/\\\/www.cranio-room.com\\\/de\\\/\",\"url\":\"https:\\\/\\\/www.cranio-room.com\\\/de\\\/\",\"name\":\"Home - Barbara von Freytag | Craniosacrale K\u00f6rperarbeit in Berlin\",\"isPartOf\":{\"@id\":\"https:\\\/\\\/www.cranio-room.com\\\/#website\"},\"primaryImageOfPage\":{\"@id\":\"https:\\\/\\\/www.cranio-room.com\\\/de\\\/#primaryimage\"},\"image\":{\"@id\":\"https:\\\/\\\/www.cranio-room.com\\\/de\\\/#primaryimage\"},\"thumbnailUrl\":\"https:\\\/\\\/www.cranio-room.com\\\/wp-content\\\/uploads\\\/2022\\\/10\\\/craniosacral_behandlungsraum01NEU04a-1-1024x550.jpg\",\"datePublished\":\"2015-12-22T06:07:04+00:00\",\"dateModified\":\"2022-10-08T19:05:58+00:00\",\"description\":\"Home - Craniosacrale K\u00f6rperarbeit | sanfte manuelle Ber\u00fchrung zur L\u00f6sung tieferer K\u00f6rperspannungen & eingeschr\u00e4nkter Energiefelder\",\"breadcrumb\":{\"@id\":\"https:\\\/\\\/www.cranio-room.com\\\/de\\\/#breadcrumb\"},\"inLanguage\":\"de-DE\",\"potentialAction\":[{\"@type\":\"ReadAction\",\"target\":[\"https:\\\/\\\/www.cranio-room.com\\\/de\\\/\"]}]},{\"@type\":\"ImageObject\",\"inLanguage\":\"de-DE\",\"@id\":\"https:\\\/\\\/www.cranio-room.com\\\/de\\\/#primaryimage\",\"url\":\"https:\\\/\\\/www.cranio-room.com\\\/wp-content\\\/uploads\\\/2022\\\/10\\\/craniosacral_behandlungsraum01NEU04a-1-1024x550.jpg\",\"contentUrl\":\"https:\\\/\\\/www.cranio-room.com\\\/wp-content\\\/uploads\\\/2022\\\/10\\\/craniosacral_behandlungsraum01NEU04a-1-1024x550.jpg\"},{\"@type\":\"BreadcrumbList\",\"@id\":\"https:\\\/\\\/www.cranio-room.com\\\/de\\\/#breadcrumb\",\"itemListElement\":[{\"@type\":\"ListItem\",\"position\":1,\"name\":\"Startseite\",\"item\":\"https:\\\/\\\/www.cranio-room.com\\\/de\\\/\"},{\"@type\":\"ListItem\",\"position\":2,\"name\":\"Home\"}]},{\"@type\":\"WebSite\",\"@id\":\"https:\\\/\\\/www.cranio-room.com\\\/#website\",\"url\":\"https:\\\/\\\/www.cranio-room.com\\\/\",\"name\":\"Cranio Room\",\"description\":\"Barbara von Freytag | Cranio Room\",\"publisher\":{\"@id\":\"https:\\\/\\\/www.cranio-room.com\\\/#\\\/schema\\\/person\\\/9885151246b8c7a4f807e339b6c72f99\"},\"potentialAction\":[{\"@type\":\"SearchAction\",\"target\":{\"@type\":\"EntryPoint\",\"urlTemplate\":\"https:\\\/\\\/www.cranio-room.com\\\/?s={search_term_string}\"},\"query-input\":{\"@type\":\"PropertyValueSpecification\",\"valueRequired\":true,\"valueName\":\"search_term_string\"}}],\"inLanguage\":\"de-DE\"},{\"@type\":[\"Person\",\"Organization\"],\"@id\":\"https:\\\/\\\/www.cranio-room.com\\\/#\\\/schema\\\/person\\\/9885151246b8c7a4f807e339b6c72f99\",\"name\":\"stephanie\",\"image\":{\"@type\":\"ImageObject\",\"inLanguage\":\"de-DE\",\"@id\":\"https:\\\/\\\/www.cranio-room.com\\\/wp-content\\\/uploads\\\/2021\\\/02\\\/craniosacral_logo.png\",\"url\":\"https:\\\/\\\/www.cranio-room.com\\\/wp-content\\\/uploads\\\/2021\\\/02\\\/craniosacral_logo.png\",\"contentUrl\":\"https:\\\/\\\/www.cranio-room.com\\\/wp-content\\\/uploads\\\/2021\\\/02\\\/craniosacral_logo.png\",\"width\":174,\"height\":175,\"caption\":\"stephanie\"},\"logo\":{\"@id\":\"https:\\\/\\\/www.cranio-room.com\\\/wp-content\\\/uploads\\\/2021\\\/02\\\/craniosacral_logo.png\"}}]}<\/script>\n<!-- \/ Yoast SEO plugin. -->","yoast_head_json":{"title":"Home - Barbara von Freytag | Craniosacrale K\u00f6rperarbeit in Berlin","description":"Home - Craniosacrale K\u00f6rperarbeit | sanfte manuelle Ber\u00fchrung zur L\u00f6sung tieferer K\u00f6rperspannungen & eingeschr\u00e4nkter Energiefelder","robots":{"index":"index","follow":"follow","max-snippet":"max-snippet:-1","max-image-preview":"max-image-preview:large","max-video-preview":"max-video-preview:-1"},"canonical":"https:\/\/www.cranio-room.com\/de\/","og_locale":"de_DE","og_type":"article","og_title":"Home - Barbara von Freytag | Craniosacrale K\u00f6rperarbeit in Berlin","og_description":"Home - Craniosacrale K\u00f6rperarbeit | sanfte manuelle Ber\u00fchrung zur L\u00f6sung tieferer K\u00f6rperspannungen & eingeschr\u00e4nkter Energiefelder","og_url":"https:\/\/www.cranio-room.com\/de\/","og_site_name":"Cranio Room","article_modified_time":"2022-10-08T19:05:58+00:00","og_image":[{"url":"https:\/\/www.cranio-room.com\/wp-content\/uploads\/2022\/10\/craniosacral_behandlungsraum01NEU04a-1-1024x550.jpg","type":"","width":"","height":""}],"twitter_card":"summary_large_image","twitter_misc":{"Gesch\u00e4tzte Lesezeit":"2\u00a0Minuten"},"schema":{"@context":"https:\/\/schema.org","@graph":[{"@type":"WebPage","@id":"https:\/\/www.cranio-room.com\/de\/","url":"https:\/\/www.cranio-room.com\/de\/","name":"Home - Barbara von Freytag | Craniosacrale K\u00f6rperarbeit in Berlin","isPartOf":{"@id":"https:\/\/www.cranio-room.com\/#website"},"primaryImageOfPage":{"@id":"https:\/\/www.cranio-room.com\/de\/#primaryimage"},"image":{"@id":"https:\/\/www.cranio-room.com\/de\/#primaryimage"},"thumbnailUrl":"https:\/\/www.cranio-room.com\/wp-content\/uploads\/2022\/10\/craniosacral_behandlungsraum01NEU04a-1-1024x550.jpg","datePublished":"2015-12-22T06:07:04+00:00","dateModified":"2022-10-08T19:05:58+00:00","description":"Home - Craniosacrale K\u00f6rperarbeit | sanfte manuelle Ber\u00fchrung zur L\u00f6sung tieferer K\u00f6rperspannungen & eingeschr\u00e4nkter Energiefelder","breadcrumb":{"@id":"https:\/\/www.cranio-room.com\/de\/#breadcrumb"},"inLanguage":"de-DE","potentialAction":[{"@type":"ReadAction","target":["https:\/\/www.cranio-room.com\/de\/"]}]},{"@type":"ImageObject","inLanguage":"de-DE","@id":"https:\/\/www.cranio-room.com\/de\/#primaryimage","url":"https:\/\/www.cranio-room.com\/wp-content\/uploads\/2022\/10\/craniosacral_behandlungsraum01NEU04a-1-1024x550.jpg","contentUrl":"https:\/\/www.cranio-room.com\/wp-content\/uploads\/2022\/10\/craniosacral_behandlungsraum01NEU04a-1-1024x550.jpg"},{"@type":"BreadcrumbList","@id":"https:\/\/www.cranio-room.com\/de\/#breadcrumb","itemListElement":[{"@type":"ListItem","position":1,"name":"Startseite","item":"https:\/\/www.cranio-room.com\/de\/"},{"@type":"ListItem","position":2,"name":"Home"}]},{"@type":"WebSite","@id":"https:\/\/www.cranio-room.com\/#website","url":"https:\/\/www.cranio-room.com\/","name":"Cranio Room","description":"Barbara von Freytag | Cranio Room","publisher":{"@id":"https:\/\/www.cranio-room.com\/#\/schema\/person\/9885151246b8c7a4f807e339b6c72f99"},"potentialAction":[{"@type":"SearchAction","target":{"@type":"EntryPoint","urlTemplate":"https:\/\/www.cranio-room.com\/?s={search_term_string}"},"query-input":{"@type":"PropertyValueSpecification","valueRequired":true,"valueName":"search_term_string"}}],"inLanguage":"de-DE"},{"@type":["Person","Organization"],"@id":"https:\/\/www.cranio-room.com\/#\/schema\/person\/9885151246b8c7a4f807e339b6c72f99","name":"stephanie","image":{"@type":"ImageObject","inLanguage":"de-DE","@id":"https:\/\/www.cranio-room.com\/wp-content\/uploads\/2021\/02\/craniosacral_logo.png","url":"https:\/\/www.cranio-room.com\/wp-content\/uploads\/2021\/02\/craniosacral_logo.png","contentUrl":"https:\/\/www.cranio-room.com\/wp-content\/uploads\/2021\/02\/craniosacral_logo.png","width":174,"height":175,"caption":"stephanie"},"logo":{"@id":"https:\/\/www.cranio-room.com\/wp-content\/uploads\/2021\/02\/craniosacral_logo.png"}}]}},"_links":{"self":[{"href":"https:\/\/www.cranio-room.com\/de\/wp-json\/wp\/v2\/pages\/2","targetHints":{"allow":["GET"]}}],"collection":[{"href":"https:\/\/www.cranio-room.com\/de\/wp-json\/wp\/v2\/pages"}],"about":[{"href":"https:\/\/www.cranio-room.com\/de\/wp-json\/wp\/v2\/types\/page"}],"author":[{"embeddable":true,"href":"https:\/\/www.cranio-room.com\/de\/wp-json\/wp\/v2\/users\/1"}],"replies":[{"embeddable":true,"href":"https:\/\/www.cranio-room.com\/de\/wp-json\/wp\/v2\/comments?post=2"}],"version-history":[{"count":35,"href":"https:\/\/www.cranio-room.com\/de\/wp-json\/wp\/v2\/pages\/2\/revisions"}],"predecessor-version":[{"id":342,"href":"https:\/\/www.cranio-room.com\/de\/wp-json\/wp\/v2\/pages\/2\/revisions\/342"}],"wp:attachment":[{"href":"https:\/\/www.cranio-room.com\/de\/wp-json\/wp\/v2\/media?parent=2"}],"curies":[{"name":"wp","href":"https:\/\/api.w.org\/{rel}","templated":true}]}}